{"id":12,"date":"2020-02-15T10:36:10","date_gmt":"2020-02-15T10:36:10","guid":{"rendered":"https:\/\/hotplaten.com\/about\/"},"modified":"2025-10-22T01:50:47","modified_gmt":"2025-10-22T01:50:47","slug":"about","status":"publish","type":"page","link":"https:\/\/hotplaten.com\/es\/about\/","title":{"rendered":"Qui\u00e9nes somos"},"content":{"rendered":"<div data-elementor-type=\"wp-page\" data-elementor-id=\"12\" class=\"elementor elementor-12\" data-elementor-post-type=\"page\">\n\t\t\t\t<div class=\"elementor-element elementor-element-01f19f5 e-con-full e-flex e-con e-parent\" data-id=\"01f19f5\" data-element_type=\"container\" data-settings=\"{&quot;background_background&quot;:&quot;classic&quot;}\">\n\t\t\t\t<div class=\"elementor-element elementor-element-a161200 elementor-widget elementor-widget-heading\" data-id=\"a161200\" data-element_type=\"widget\" data-widget_type=\"heading.default\">\n\t\t\t\t\t<h1 class=\"elementor-heading-title elementor-size-default\">Qui\u00e9nes somos<\/h1>\t\t\t\t<\/div>\n\t\t\t\t<div class=\"elementor-element elementor-element-b1d33c2 elementor-widget elementor-widget-heading\" data-id=\"b1d33c2\" data-element_type=\"widget\" data-widget_type=\"heading.default\">\n\t\t\t\t\t<h4 class=\"elementor-heading-title elementor-size-default\">ACERCA DE XINTONG<\/h4>\t\t\t\t<\/div>\n\t\t\t\t<\/div>\n\t\t<div class=\"elementor-element elementor-element-7f70f83 e-flex e-con-boxed e-con e-parent\" data-id=\"7f70f83\" data-element_type=\"container\">\n\t\t\t\t\t<div class=\"e-con-inner\">\n\t\t<div class=\"elementor-element elementor-element-898aa1b e-con-full e-flex e-con e-child\" data-id=\"898aa1b\" data-element_type=\"container\" data-settings=\"{&quot;background_background&quot;:&quot;classic&quot;}\">\n\t\t\t\t<div class=\"elementor-element elementor-element-07197be widget-divider-yes parent-item-clickable-yes sub-menu-position-left dt-sub-menu_align-left sub-icon_position-right sub-icon_align-with_text elementor-widget elementor-widget-the7_horizontal-menu\" data-id=\"07197be\" data-element_type=\"widget\" data-settings=\"{&quot;dropdown&quot;:&quot;none&quot;,&quot;parent_is_clickable&quot;:&quot;yes&quot;}\" data-widget_type=\"the7_horizontal-menu.default\">\n\t\t\t\t<div class=\"elementor-widget-container\">\n\t\t\t\t\t<div class=\"horizontal-menu-wrap\"><nav class=\"dt-nav-menu-horizontal--main dt-nav-menu-horizontal__container justify-content-start widget-divider-yes first-item-border-hide last-item-border-hide\"><ul class=\"dt-nav-menu-horizontal d-flex flex-row justify-content-start\"><li class=\"item-divider\" aria-hidden=\"true\"><\/li><li class=\"menu-item menu-item-type-post_type menu-item-object-page menu-item-6016 first last depth-0\"><a href='https:\/\/hotplaten.com\/es\/about\/' data-level='1'><span class=\"item-content\"><span class=\"menu-item-text\"><span class=\"menu-text\">Qui\u00e9nes somos<\/span><\/span><span class=\"submenu-indicator\" ><svg aria-hidden=\"true\" class=\"desktop-menu-icon e-font-icon-svg e-fas-caret-down\" viewbox=\"0 0 320 512\" xmlns=\"http:\/\/www.w3.org\/2000\/svg\"><path d=\"M31.3 192h257.3c17.8 0 26.7 21.5 14.1 34.1L174.1 354.8c-7.8 7.8-20.5 7.8-28.3 0L17.2 226.1C4.6 213.5 13.5 192 31.3 192z\"><\/path><\/svg><span class=\"submenu-mob-indicator\" ><\/span><\/span><\/span><\/a><\/li><li class=\"item-divider\" aria-hidden=\"true\"><\/li> <\/ul><\/nav><\/div>\t\t\t\t<\/div>\n\t\t\t\t<\/div>\n\t\t<div class=\"elementor-element elementor-element-c5bafc9 e-con-full e-flex e-con e-child\" data-id=\"c5bafc9\" data-element_type=\"container\">\n\t\t\t\t<div class=\"elementor-element elementor-element-fb95847 elementor-widget elementor-widget-text-editor\" data-id=\"fb95847\" data-element_type=\"widget\" data-widget_type=\"text-editor.default\">\n\t\t\t\t\t\t\t\t\t<h5>Wuxi XinTong Hot Platen Co., Ltd fue fundada en 2006, centr\u00e1ndose en la producci\u00f3n de platina de calefacci\u00f3n para los compuestos, caucho, industria de la madera. En chino, \"XINTONG\" significa que la honestidad puede hacer negocios sin problemas en todo el mundo. El Sr. Gu Zhongxuan, el primer presidente, dio este nombre a la empresa, que se ha convertido en un influyente proveedor mundial de placas calefactoras.<br \/>Nuestra empresa est\u00e1 situada en el n\u00famero 22 de Renmin West Road, Yangshan, Wuxi, provincia de Jiangsu, a s\u00f3lo 40 minutos en coche de las sedes de Wemhoener en Changzhou y Siempelkamp en Wuxi. Por lo tanto, en t\u00e9rminos de selecci\u00f3n de equipos, elecci\u00f3n de procesos y gesti\u00f3n empresarial, hemos aprovechado una gran experiencia de las empresas alemanas. Esto tambi\u00e9n hace que nuestra empresa conf\u00ede en que podemos producir platinas de calentamiento que cumplen las normas alemanas.<\/h5><h5>Nuestra empresa cuenta con una situaci\u00f3n financiera estable, equipos de producci\u00f3n completos, una serie de patentes independientes de investigaci\u00f3n y desarrollo de nuevos productos y derechos independientes de importaci\u00f3n y exportaci\u00f3n. \"Xintong\" tambi\u00e9n se ha convertido en una marca influyente en la industria, y ha establecido relaciones de cooperaci\u00f3n estables a largo plazo con decenas de empresas de renombre en todo el mundo en el corto proceso de crecimiento. En virtud de un profundo conocimiento de la industria de maquinaria y equipos, combinamos la tecnolog\u00eda con la aplicaci\u00f3n, combinamos conceptos de productos l\u00edderes en la industria con un rico desarrollo de productos y experiencia pr\u00e1ctica, para proporcionar a los clientes productos y soluciones cualificados convenientes, pr\u00e1cticos y de bajo coste, y nos esforzamos por alcanzar el objetivo de la satisfacci\u00f3n del usuario 100%.<\/h5><h5>Nuestra empresa cuenta con un grupo de profesionales cualificados y experimentados, un equipo de I+D y una eficiente capacidad de fabricaci\u00f3n, se ha adherido a la filosof\u00eda empresarial \"orientada a la calidad, el cliente es lo primero\" y se esfuerza por ofrecer a los clientes productos y servicios de calidad. La satisfacci\u00f3n del cliente es nuestro objetivo constante.<br \/>Estamos llenos de expectativas para afrontar nuevos retos y oportunidades y conseguir grandes logros junto con nuestros clientes. Tambi\u00e9n estamos dispuestos a aceptar placas calefactoras de diferentes formas y requisitos.<\/h5>\t\t\t\t\t\t\t\t<\/div>\n\t\t\t\t<\/div>\n\t\t\t\t<\/div>\n\t\t\t\t\t<\/div>\n\t\t\t\t<\/div>\n\t\t<div class=\"elementor-element elementor-element-bbad418 e-flex e-con-boxed e-con e-parent\" data-id=\"bbad418\" data-element_type=\"container\">\n\t\t\t\t\t<div class=\"e-con-inner\">\n\t\t\t\t<div class=\"elementor-element elementor-element-880f7fa elementor-widget elementor-widget-image\" data-id=\"880f7fa\" data-element_type=\"widget\" data-widget_type=\"image.default\">\n\t\t\t\t\t\t\t\t\t\t\t\t\t\t\t<img decoding=\"async\" src=\"https:\/\/hotplaten.com\/wp-content\/uploads\/elementor\/thumbs\/\u4f01\u4e1a\u7167\u7247-scaled-raumyy9wwha7oqibbryis9e7a6852f2c3s1xulmhe0.jpg\" title=\"\u4f01\u4e1a\u7167\u7247\" alt=\"\u4f01\u4e1a\u7167\u7247\" loading=\"lazy\" \/>\t\t\t\t\t\t\t\t\t\t\t\t\t\t\t<\/div>\n\t\t\t\t\t<\/div>\n\t\t\t\t<\/div>\n\t\t<div class=\"elementor-element elementor-element-87e4094 e-flex e-con-boxed e-con e-parent\" data-id=\"87e4094\" data-element_type=\"container\">\n\t\t\t\t\t<div class=\"e-con-inner\">\n\t\t\t\t<div class=\"elementor-element elementor-element-87526b9 elementor-widget elementor-widget-google_maps\" data-id=\"87526b9\" data-element_type=\"widget\" data-widget_type=\"google_maps.default\">\n\t\t\t\t\t\t\t<div class=\"elementor-custom-embed\">\n\t\t\t<iframe loading=\"lazy\"\n\t\t\t\t\tsrc=\"https:\/\/maps.google.com\/maps?q=%E6%97%A0%E9%94%A1%E4%BF%A1%E9%80%9A%E7%83%AD%E5%8E%8B&#038;t=m&#038;z=9&#038;output=embed&#038;iwloc=near\"\n\t\t\t\t\ttitle=\"\u65e0\u9521\u4fe1\u901a\u70ed\u538b\"\n\t\t\t\t\taria-label=\"\u65e0\u9521\u4fe1\u901a\u70ed\u538b\"\n\t\t\t><\/iframe>\n\t\t<\/div>\n\t\t\t\t\t\t<\/div>\n\t\t\t\t\t<\/div>\n\t\t\t\t<\/div>\n\t\t\t\t<\/div>","protected":false},"excerpt":{"rendered":"<p>ABOUT XINTONG Wuxi XinTong Hot Platen Co.,Ltd was founded in 2006, focusing on the production of heating platen for the composites, rubber, woodworking industry. In Chinese, \u201cXINTONG\u201d means that honesty can do business smoothly all over the world. Mr. Gu Zhongxuan, the first president, thus gave the company this name.It has grown into a global&hellip;<\/p>","protected":false},"author":1,"featured_media":0,"parent":0,"menu_order":20,"comment_status":"closed","ping_status":"closed","template":"","meta":{"_acf_changed":false,"footnotes":""},"class_list":["post-12","page","type-page","status-publish","hentry"],"acf":[],"_links":{"self":[{"href":"https:\/\/hotplaten.com\/es\/wp-json\/wp\/v2\/pages\/12","targetHints":{"allow":["GET"]}}],"collection":[{"href":"https:\/\/hotplaten.com\/es\/wp-json\/wp\/v2\/pages"}],"about":[{"href":"https:\/\/hotplaten.com\/es\/wp-json\/wp\/v2\/types\/page"}],"author":[{"embeddable":true,"href":"https:\/\/hotplaten.com\/es\/wp-json\/wp\/v2\/users\/1"}],"replies":[{"embeddable":true,"href":"https:\/\/hotplaten.com\/es\/wp-json\/wp\/v2\/comments?post=12"}],"version-history":[{"count":46,"href":"https:\/\/hotplaten.com\/es\/wp-json\/wp\/v2\/pages\/12\/revisions"}],"predecessor-version":[{"id":6479,"href":"https:\/\/hotplaten.com\/es\/wp-json\/wp\/v2\/pages\/12\/revisions\/6479"}],"wp:attachment":[{"href":"https:\/\/hotplaten.com\/es\/wp-json\/wp\/v2\/media?parent=12"}],"curies":[{"name":"wp","href":"https:\/\/api.w.org\/{rel}","templated":true}]}}