{"id":10,"date":"2020-02-15T10:35:55","date_gmt":"2020-02-15T10:35:55","guid":{"rendered":"https:\/\/hotplaten.com\/home\/"},"modified":"2025-10-22T02:00:50","modified_gmt":"2025-10-22T02:00:50","slug":"home","status":"publish","type":"page","link":"https:\/\/hotplaten.com\/es\/","title":{"rendered":"Home"},"content":{"rendered":"<div data-elementor-type=\"wp-page\" data-elementor-id=\"10\" class=\"elementor elementor-10\" data-elementor-post-type=\"page\">\n\t\t\t\t\t\t<section class=\"elementor-section elementor-top-section elementor-element elementor-element-699f46f elementor-section-stretched elementor-section-full_width elementor-section-height-default elementor-section-height-default\" data-id=\"699f46f\" data-element_type=\"section\" data-settings=\"{&quot;stretch_section&quot;:&quot;section-stretched&quot;}\">\n\t\t\t\t\t\t<div class=\"elementor-container elementor-column-gap-no\">\n\t\t\t\t\t<div class=\"elementor-column elementor-col-100 elementor-top-column elementor-element elementor-element-211463e\" data-id=\"211463e\" data-element_type=\"column\">\n\t\t\t<div class=\"elementor-widget-wrap elementor-element-populated\">\n\t\t\t\t\t\t<div class=\"elementor-element elementor-element-af1f873 elementor--h-position-center elementor--v-position-middle elementor-arrows-position-inside elementor-pagination-position-inside elementor-widget elementor-widget-slides\" data-id=\"af1f873\" data-element_type=\"widget\" data-settings=\"{&quot;transition_speed&quot;:1000,&quot;navigation&quot;:&quot;both&quot;,&quot;autoplay&quot;:&quot;yes&quot;,&quot;pause_on_hover&quot;:&quot;yes&quot;,&quot;pause_on_interaction&quot;:&quot;yes&quot;,&quot;autoplay_speed&quot;:5000,&quot;infinite&quot;:&quot;yes&quot;,&quot;transition&quot;:&quot;slide&quot;}\" data-widget_type=\"slides.default\">\n\t\t\t\t\t\t\t\t\t\t<div class=\"elementor-slides-wrapper elementor-main-swiper swiper\" role=\"region\" aria-roledescription=\"carousel\" aria-label=\"Diapositivas\" dir=\"ltr\" data-animation=\"fadeInUp\">\n\t\t\t\t<div class=\"swiper-wrapper elementor-slides\">\n\t\t\t\t\t\t\t\t\t\t<div class=\"elementor-repeater-item-8d64be6 swiper-slide\" role=\"group\" aria-roledescription=\"slide\"><div class=\"swiper-slide-bg\" role=\"img\"><\/div><div class=\"elementor-background-overlay\"><\/div><div class=\"swiper-slide-inner\" ><div class=\"swiper-slide-contents\"><\/div><\/div><\/div><div class=\"elementor-repeater-item-7ee7b4d swiper-slide\" role=\"group\" aria-roledescription=\"slide\"><div class=\"swiper-slide-bg\" role=\"img\"><\/div><div class=\"elementor-background-overlay\"><\/div><div class=\"swiper-slide-inner\" ><div class=\"swiper-slide-contents\"><\/div><\/div><\/div><div class=\"elementor-repeater-item-0d4e2df swiper-slide\" role=\"group\" aria-roledescription=\"slide\"><div class=\"swiper-slide-bg\" role=\"img\"><\/div><div class=\"elementor-background-overlay\"><\/div><div class=\"swiper-slide-inner\" ><div class=\"swiper-slide-contents\"><\/div><\/div><\/div>\t\t\t\t<\/div>\n\t\t\t\t\t\t\t\t\t\t\t\t\t\t\t<div class=\"elementor-swiper-button elementor-swiper-button-prev\" role=\"button\" tabindex=\"0\" aria-label=\"Previous slide\">\n\t\t\t\t\t\t\t<svg aria-hidden=\"true\" class=\"e-font-icon-svg e-eicon-chevron-left\" viewbox=\"0 0 1000 1000\" xmlns=\"http:\/\/www.w3.org\/2000\/svg\"><path d=\"M646 125C629 125 613 133 604 142L308 442C296 454 292 471 292 487 292 504 296 521 308 533L604 854C617 867 629 875 646 875 663 875 679 871 692 858 704 846 713 829 713 812 713 796 708 779 692 767L438 487 692 225C700 217 708 204 708 187 708 171 704 154 692 142 675 129 663 125 646 125Z\"><\/path><\/svg>\t\t\t\t\t\t<\/div>\n\t\t\t\t\t\t<div class=\"elementor-swiper-button elementor-swiper-button-next\" role=\"button\" tabindex=\"0\" aria-label=\"Next slide\">\n\t\t\t\t\t\t\t<svg aria-hidden=\"true\" class=\"e-font-icon-svg e-eicon-chevron-right\" viewbox=\"0 0 1000 1000\" xmlns=\"http:\/\/www.w3.org\/2000\/svg\"><path d=\"M696 533C708 521 713 504 713 487 713 471 708 454 696 446L400 146C388 133 375 125 354 125 338 125 325 129 313 142 300 154 292 171 292 187 292 204 296 221 308 233L563 492 304 771C292 783 288 800 288 817 288 833 296 850 308 863 321 871 338 875 354 875 371 875 388 867 400 854L696 533Z\"><\/path><\/svg>\t\t\t\t\t\t<\/div>\n\t\t\t\t\t\t\t\t\t\t\t\t\t\t\t\t<div class=\"swiper-pagination\"><\/div>\n\t\t\t\t\t\t\t\t\t\t\t\t<\/div>\n\t\t\t\t\t\t\t\t<\/div>\n\t\t\t\t\t<\/div>\n\t\t<\/div>\n\t\t\t\t\t<\/div>\n\t\t<\/section>\n\t\t<div class=\"elementor-element elementor-element-99d3e8c e-con-full e-flex e-con e-parent\" data-id=\"99d3e8c\" data-element_type=\"container\" data-settings=\"{&quot;background_background&quot;:&quot;classic&quot;}\">\n\t\t\t\t<div class=\"elementor-element elementor-element-a90f461 elementor-widget elementor-widget-heading\" data-id=\"a90f461\" data-element_type=\"widget\" data-widget_type=\"heading.default\">\n\t\t\t\t\t<h2 class=\"elementor-heading-title elementor-size-default\">ACERCA DE<\/h2>\t\t\t\t<\/div>\n\t\t\t\t<div class=\"elementor-element elementor-element-1fb8d27 elementor-widget__width-initial elementor-widget elementor-widget-text-editor\" data-id=\"1fb8d27\" data-element_type=\"widget\" data-widget_type=\"text-editor.default\">\n\t\t\t\t\t\t\t\t\t<h5>Wuxi XinTong Hot Platen Co., Ltd fue fundada en 2006, centr\u00e1ndose en la producci\u00f3n de platina de calefacci\u00f3n para los compuestos, caucho, industria de la madera. En chino, \"XINTONG\" significa que la honestidad puede hacer negocios sin problemas en todo el mundo. El Sr. Gu Zhongxuan, primer presidente, dio as\u00ed este nombre a la empresa.<\/h5><h5>En la actualidad, se ha convertido en un influyente proveedor mundial de platinas calefactoras.<br \/>Nuestra empresa se encuentra en No. 22 Renmin West Road, Yangshan\uff0cWuxi\uff0cProvincia de Jiangsu.<\/h5><h5>Nuestra empresa est\u00e1 a s\u00f3lo 40 minutos en coche de las sedes de Wemhoener en Changzhou y Siempelkamp en Wuxi. Por lo tanto, en t\u00e9rminos de selecci\u00f3n de equipos, elecci\u00f3n de procesos y gesti\u00f3n empresarial, hemos aprovechado una gran experiencia de las empresas alemanas. Esto tambi\u00e9n hace que nuestra empresa conf\u00ede en que podemos producir platinas de calentamiento que cumplen las normas alemanas.<\/h5><h5>Nuestra empresa cuenta con una situaci\u00f3n financiera estable, equipos de producci\u00f3n completos, una serie de patentes independientes de investigaci\u00f3n y desarrollo de nuevos productos y derechos independientes de importaci\u00f3n y exportaci\u00f3n. \"Xintong\" tambi\u00e9n se ha convertido en una marca influyente en la industria, y ha establecido relaciones de cooperaci\u00f3n estables a largo plazo con decenas de empresas de renombre en todo el mundo en el corto proceso de crecimiento. En virtud de un profundo conocimiento de la industria de maquinaria y equipos, combinamos la tecnolog\u00eda con la aplicaci\u00f3n, combinamos conceptos de productos l\u00edderes en la industria con un rico desarrollo de productos y experiencia pr\u00e1ctica, para proporcionar a los clientes productos y soluciones cualificados convenientes, pr\u00e1cticos y de bajo coste, y nos esforzamos por alcanzar el objetivo de la satisfacci\u00f3n del usuario 100%.<br \/>Nuestra empresa cuenta con un grupo de profesionales cualificados y experimentados, un equipo de I+D y una eficiente capacidad de fabricaci\u00f3n, se ha adherido a la filosof\u00eda empresarial \"orientada a la calidad, el cliente es lo primero\" y se esfuerza por ofrecer a los clientes productos y servicios de calidad. La satisfacci\u00f3n del cliente es nuestro objetivo constante.<br \/>Estamos llenos de expectativas para afrontar nuevos retos y oportunidades y conseguir grandes logros junto con nuestros clientes. Tambi\u00e9n estamos dispuestos a aceptar placas calefactoras de diferentes formas y requisitos.<\/h5>\t\t\t\t\t\t\t\t<\/div>\n\t\t\t\t<div class=\"elementor-element elementor-element-58634f9 elementor-widget elementor-widget-button\" data-id=\"58634f9\" data-element_type=\"widget\" data-widget_type=\"button.default\">\n\t\t\t\t\t\t\t\t\t\t<a class=\"elementor-button elementor-button-link elementor-size-sm\" href=\"https:\/\/hotplaten.com\/es\/about\/\">\n\t\t\t\t\t\t<span class=\"elementor-button-content-wrapper\">\n\t\t\t\t\t\t\t\t\t<span class=\"elementor-button-text\">M\u00e1s<\/span>\n\t\t\t\t\t<\/span>\n\t\t\t\t\t<\/a>\n\t\t\t\t\t\t\t\t<\/div>\n\t\t\t\t<\/div>\n\t\t\t\t<\/div>","protected":false},"excerpt":{"rendered":"<p>ABOUT Wuxi XinTong Hot Platen Co.,Ltd was founded in 2006, focusing on the production of heating platen for the composites, rubber, woodworking industry. In Chinese, &#8220;XINTONG&#8221; means that honesty can do business smoothly all over the world. Mr. Gu Zhongxuan, the first president, thus gave the company this name. It has grown into a global&hellip;<\/p>","protected":false},"author":1,"featured_media":0,"parent":0,"menu_order":10,"comment_status":"closed","ping_status":"closed","template":"elementor_header_footer","meta":{"_acf_changed":false,"footnotes":""},"class_list":["post-10","page","type-page","status-publish","hentry"],"acf":[],"_links":{"self":[{"href":"https:\/\/hotplaten.com\/es\/wp-json\/wp\/v2\/pages\/10","targetHints":{"allow":["GET"]}}],"collection":[{"href":"https:\/\/hotplaten.com\/es\/wp-json\/wp\/v2\/pages"}],"about":[{"href":"https:\/\/hotplaten.com\/es\/wp-json\/wp\/v2\/types\/page"}],"author":[{"embeddable":true,"href":"https:\/\/hotplaten.com\/es\/wp-json\/wp\/v2\/users\/1"}],"replies":[{"embeddable":true,"href":"https:\/\/hotplaten.com\/es\/wp-json\/wp\/v2\/comments?post=10"}],"version-history":[{"count":123,"href":"https:\/\/hotplaten.com\/es\/wp-json\/wp\/v2\/pages\/10\/revisions"}],"predecessor-version":[{"id":6483,"href":"https:\/\/hotplaten.com\/es\/wp-json\/wp\/v2\/pages\/10\/revisions\/6483"}],"wp:attachment":[{"href":"https:\/\/hotplaten.com\/es\/wp-json\/wp\/v2\/media?parent=10"}],"curies":[{"name":"wp","href":"https:\/\/api.w.org\/{rel}","templated":true}]}}